{"id":77034,"date":"2020-04-09T17:09:40","date_gmt":"2020-04-09T17:09:40","guid":{"rendered":"http:\/\/baselarea.sukoa.link\/?page_id=77034"},"modified":"2020-04-17T16:20:07","modified_gmt":"2020-04-17T16:20:07","slug":"allgemeine-geschaftsbedingungen","status":"publish","type":"page","link":"https:\/\/test.baselarea.swiss\/de\/allgemeine-geschaftsbedingungen\/","title":{"rendered":"Allgemeine Gesch\u00e4ftsbedingungen"},"content":{"rendered":"[vc_row type=&#187;full_width_content&#187; full_screen_row_position=&#187;middle&#187; column_margin=&#187;default&#187; scene_position=&#187;center&#187; text_color=&#187;dark&#187; text_align=&#187;left&#187; overlay_strength=&#187;0.3&#8243; shape_divider_position=&#187;bottom&#187; bg_image_animation=&#187;none&#187; shape_type=&#187;&#187;][vc_column column_padding=&#187;no-extra-padding&#187; column_padding_position=&#187;all&#187; background_color_opacity=&#187;1&#8243; background_hover_color_opacity=&#187;1&#8243; column_link_target=&#187;_self&#187; column_shadow=&#187;none&#187; column_border_radius=&#187;none&#187; width=&#187;1\/1&#8243; tablet_width_inherit=&#187;default&#187; tablet_text_alignment=&#187;default&#187; phone_text_alignment=&#187;default&#187; overlay_strength=&#187;0.3&#8243; column_border_width=&#187;none&#187; column_border_style=&#187;solid&#187; bg_image_animation=&#187;none&#187;][divider line_type=&#187;Full Width Line&#187; line_thickness=&#187;1&#8243; divider_color=&#187;default&#187; custom_height=&#187;1&#8243;][\/vc_column][\/vc_row][vc_row type=&#187;in_container&#187; full_screen_row_position=&#187;middle&#187; column_margin=&#187;default&#187; scene_position=&#187;center&#187; text_color=&#187;dark&#187; text_align=&#187;left&#187; top_padding=&#187;50&#8243; bottom_padding=&#187;60&#8243; overlay_strength=&#187;0.3&#8243; shape_divider_position=&#187;bottom&#187; bg_image_animation=&#187;none&#187; shape_type=&#187;&#187;][vc_column column_padding=&#187;padding-3-percent&#187; column_padding_position=&#187;right&#187; background_color_opacity=&#187;1&#8243; background_hover_color_opacity=&#187;1&#8243; column_link_target=&#187;_self&#187; column_shadow=&#187;none&#187; column_border_radius=&#187;none&#187; width=&#187;3\/4&#8243; tablet_width_inherit=&#187;default&#187; tablet_text_alignment=&#187;default&#187; phone_text_alignment=&#187;default&#187; overlay_strength=&#187;0.3&#8243; column_border_width=&#187;none&#187; column_border_style=&#187;solid&#187; bg_image_animation=&#187;none&#187;][vc_column_text]\n<h1>Allgemeine Gesch\u00e4ftsbedingungen<\/h1>\n[\/vc_column_text][vc_column_text css=&#187;.vc_custom_1587140104912{padding-top: 25px !important;padding-bottom: 25px !important;}&#187;]Herzlich willkommen bei Basel Area Business &amp; Innovation!<\/p>\n<p>Die vorliegenden Bedingungen enthalten die Regeln und Vorschriften f\u00fcr die Nutzung der Website von BaselArea unter www.baselarea.swiss.<\/p>\n<p>Wenn Sie diese Website besuchen, gehen wir von Ihrem Einverst\u00e4ndnis mit diesen Bedingungen aus. Setzen Sie die Nutzung von Basel Area Business &amp; Innovation nur dann fort, wenn Sie mit s\u00e4mtlichen auf dieser Website angegebenen Bedingungen einverstanden sind.<\/p>\n<p>Die folgenden definierten Begriffe finden Anwendung bei den vorliegenden Bedingungen, dem Datenschutzhinweis, dem Haftungsausschluss und s\u00e4mtlichen Vereinbarungen: \u201eKunde\u201c, \u201eSie\u201c und \u201eIhr\u201c bezeichnet Sie, d. h. die Person, die sich auf der vorliegenden Website einloggt und die Bedingungen der Gesellschaft einzuhalten hat. \u201eDie Gesellschaft\u201c, \u201euns selbst\u201c, \u201ewir\u201c, \u201eunser\u201c und \u201euns\u201c bezeichnet unsere Gesellschaft. \u201eVertragspartei\u201c, \u201eVertragsparteien\u201c oder \u201euns\u201c bezeichnet sowohl den Kunden als auch uns selbst.<\/p>\n<p><strong>Cookies<\/strong><\/p>\n<p>Wir verwenden Cookies. Durch den Besuch der Website von Basel Area Business &amp; Innovation haben Sie der Verwendung von Cookies in \u00dcbereinstimmung mit der Datenschutzerkl\u00e4rung von BaselArea (Datenschutzinformationen) zugestimmt.<\/p>\n<p>Auf den meisten unserer interaktiven Webseiten verwenden wir Cookies, um f\u00fcr jeden Besuch die Nutzerdaten erfassen zu k\u00f6nnen. Auf unserer Website werden Cookies verwendet, um die Funktionalit\u00e4ten bestimmter Bereiche zu erm\u00f6glichen und Nutzern den Besuch unserer Website zu erleichtern. Einige unserer Affiliate-\/Werbepartner verwenden ggf. ebenfalls Cookies.<\/p>\n<p><strong>Lizenz<\/strong><\/p>\n<p>Sofern nicht anders angegeben, liegen die Rechte am geistigen Eigentum f\u00fcr s\u00e4mtliche Materialien in Verbindung mit Basel Area Business &amp; Innovation bei BaselArea und\/oder deren Lizenzgebern. S\u00e4mtliche Rechte am geistigen Eigentum sind vorbehalten. Sie k\u00f6nnen auf diese Materialien von Basel Area Business &amp; Innovation f\u00fcr Ihre eigene pers\u00f6nliche Nutzung zugreifen, jedoch vorbehaltlich der in den vorliegenden Bedingungen enthaltenen Beschr\u00e4nkungen.<\/p>\n<p>Es ist Ihnen untersagt:[\/vc_column_text]<div class=\"nectar-fancy-ul\" data-list-icon=\"icon-salient-thin-line\" data-animation=\"false\" data-animation-delay=\"0\" data-color=\"accent-color\" data-spacing=\"default\" data-alignment=\"left\"> \n<ul>\n<li>Material von Basel Area Business &amp; Innovation erneut zu ver\u00f6ffentlichen;<\/li>\n<li>Material von Basel Area Business &amp; Innovation zu verkaufen, zu vermieten oder unterzulizenzieren;<\/li>\n<li>Material von Basel Area Business &amp; Innovation zu reproduzieren, zu vervielf\u00e4ltigen oder zu kopieren;<\/li>\n<li>Inhalte von Basel Area Business &amp; Innovation weiterzuvertreiben.<\/li>\n<\/ul>\n <\/div>[vc_column_text]Die vorliegende Vereinbarung tritt am Datum der Vereinbarung in Kraft.<\/p>\n<p><strong>Verlinkung auf unsere Inhalte<\/strong><\/p>\n<p>Die folgenden Einrichtungen d\u00fcrfen ohne vorherige schriftliche Zustimmung auf unsere Website verlinken:[\/vc_column_text]<div class=\"nectar-fancy-ul\" data-list-icon=\"icon-salient-thin-line\" data-animation=\"false\" data-animation-delay=\"0\" data-color=\"accent-color\" data-spacing=\"default\" data-alignment=\"left\"> \n<ul>\n<li>Partner oder sonstige staatliche Stellen;<\/li>\n<li>Suchmaschinen;<\/li>\n<li>Nachrichtenagenturen;<\/li>\n<li>Vertriebsstellen von Online-Verzeichnissen k\u00f6nnen in der gleichen Weise auf unsere Website verlinken, in der sie auf die Websites anderer eingetragener Unternehmen verlinken; und<\/li>\n<li>systemweit akkreditierte Unternehmen, mit Ausnahme von werblich aktiven gemeinn\u00fctzigen Organisationen, Charity-Shopping-M\u00e4rkten und Charity-Fundraising-Gruppen, die nicht auf unsere Website verlinken d\u00fcrfen.<\/li>\n<\/ul>\n <\/div>[vc_column_text]Diese Einrichtungen k\u00f6nnen auf unsere Startseite, auf Ver\u00f6ffentlichungen oder sonstige Website-Informationen verlinken, sofern der Link (a) in keiner Weise irref\u00fchrend ist, (b) nicht f\u00e4lschlicherweise ein Sponsoring, eine Unterst\u00fctzung oder Zustimmung zur verlinkenden Vertragspartei und zu deren Produkten und\/oder Dienstleistungen nahelegt und (c) zum Kontext der Website der verlinkenden Vertragspartei passt.<\/p>\n<p>Wir werden ggf. sonstige Link-Anfragen von den folgenden Arten von Einrichtungen pr\u00fcfen und unsere Zustimmung erteilen:[\/vc_column_text]<div class=\"nectar-fancy-ul\" data-list-icon=\"icon-salient-thin-line\" data-animation=\"false\" data-animation-delay=\"0\" data-color=\"accent-color\" data-spacing=\"default\" data-alignment=\"left\"> \n<ul>\n<li>allgemein bekannte Kunden und\/oder Quellen f\u00fcr Wirtschaftsinformationen;<\/li>\n<li>Dotcom-Community-Websites;<\/li>\n<li>Verb\u00e4nde;<\/li>\n<li>Online-Verzeichnisse;<\/li>\n<li>Internetportale;<\/li>\n<li>Wirtschaftpr\u00fcfungsfirmen, Rechtsanwaltskanzleien und Beratungsunternehmen sowie<\/li>\n<li>Bildungseinrichtungen und Wirtschaftsverb\u00e4nde.<\/li>\n<\/ul>\n <\/div>[vc_column_text]Bei Link-Anfragen von diesen Einrichtungen werden wir unsere Zustimmung erteilen, sofern wir befinden, dass (a) der Link aus unserer Sicht oder der Sicht unserer akkreditierten Unternehmen uns nicht unvorteilhaft darstellen w\u00fcrde; (b) die Einrichtung bei uns nicht negativ vermerkt ist; (c) der Vorteil, der sich f\u00fcr uns aus der Sichtbarkeit des Links ergibt, die Abwesenheit von BaselArea ausgleicht und (d) der Link sich im Kontext von Informationen aus allgemein zug\u00e4nglichen Quellen befindet.<\/p>\n<p>Diese Einrichtungen k\u00f6nnen auf unsere Startseite verlinken, sofern der Link (a) in keiner Weise irref\u00fchrend ist; (b) nicht f\u00e4lschlicherweise ein Sponsoring, eine Unterst\u00fctzung oder Zustimmung zu der verlinkenden Vertragspartei und deren Produkten oder Dienstleistungen nahelegt und (c) zum Kontext der Website der verlinkenden Vertragspartei passt.<\/p>\n<p>Sofern Sie eine der im vorstehenden Absatz 2 aufgef\u00fchrten Einrichtungen sind und auf unsere Website verlinken m\u00f6chten, m\u00fcssen Sie uns durch Senden einer E-Mail an BaselArea informieren. Bitte geben Sie dabei Folgendes an: Ihren Namen, den Namen Ihrer Einrichtung, Kontaktdaten, die Internetadresse Ihrer Website, eine Liste der URLs, von denen Sie auf unsere Website verlinken m\u00f6chten und eine Liste der URLs auf unserer Website, auf die Sie verlinken m\u00f6chten. Innerhalb von 2-3 Wochen erhalten Sie von uns eine Antwort.<\/p>\n<p>Zugelassene Einrichtungen k\u00f6nnen folgendermassen auf unsere Website verlinken:[\/vc_column_text]<div class=\"nectar-fancy-ul\" data-list-icon=\"icon-salient-thin-line\" data-animation=\"false\" data-animation-delay=\"0\" data-color=\"accent-color\" data-spacing=\"default\" data-alignment=\"left\"> \n<ul>\n<li>durch Verwenden unseres Firmennamens oder<\/li>\n<li>durch Verwenden der URL, auf die verlinkt wird oder<\/li>\n<li>durch Verwenden einer sonstigen Beschreibung unserer Webseite, auf die verlinkt wird, die im Kontext und Format des Inhalts der Webseite der verlinkenden Vertragspartei sinnvoll ist.<\/li>\n<\/ul>\n <\/div>[vc_column_text css=&#187;.vc_custom_1587140406569{padding-top: 25px !important;padding-bottom: 25px !important;}&#187;]Sofern daf\u00fcr kein Markenlizenzvertrag vorliegt, ist die Verwendung des Logos bzw. sonstigen Bildmaterials von BaselArea f\u00fcr die Verlinkung nicht gestattet.<\/p>\n<p><strong>iFrames<\/strong><\/p>\n<p>Ohne vorherige Zustimmung und schriftliche Erlaubnis d\u00fcrfen Sie keine Rahmen um unsere Webseiten erstellen, die die visuelle Pr\u00e4sentation oder das Erscheinungsbild unserer Website in irgendeiner Weise ver\u00e4ndern.<\/p>\n<p><strong>Haftung f\u00fcr Inhalte<\/strong><\/p>\n<p>Uns trifft keine Haftung f\u00fcr Inhalte, die auf Ihrer Website pr\u00e4sentiert werden. Sie erkl\u00e4ren sich damit einverstanden, uns gegen s\u00e4mtliche in Bezug auf Ihre Website erhobenen Anspr\u00fcche zu sch\u00fctzen und dagegen zu verteidigen. Auf keiner Webseite d\u00fcrfen einzelne oder mehrere Links sichtbar sein, die als verleumderisch, obsz\u00f6n oder strafrechtlich relevant interpretiert werden k\u00f6nnen, Rechte Dritter verletzen oder anderweitig missachten bzw. eine solche Verletzung oder anderweitige Missachtung unterst\u00fctzen.<\/p>\n<p><strong>Schutz Ihrer Daten<\/strong><\/p>\n<p>Bitte lesen Sie dazu unsere Datenschutzerkl\u00e4rung (Datenschutzinformationen).<\/p>\n<p><strong>Rechtsvorbehalt<\/strong><\/p>\n<p>Wir behalten uns das Recht vor, von Ihnen das Entfernen s\u00e4mtlicher Links oder eines bestimmten Links auf unsere Website zu verlangen. Sie erkl\u00e4ren sich bereit, auf Verlangen s\u00e4mtliche Links auf unsere Website unverz\u00fcglich zu entfernen. Wir behalten uns auch das Recht vor, die vorliegenden Bedingungen und deren Regeln f\u00fcr Verlinkungen jederzeit zu \u00e4ndern. Indem Sie weiterhin auf unsere Website verlinken, erkl\u00e4ren Sie sich damit einverstanden, durch die vorlegenden Verlinkungsbedingungen verpflichtet zu sein.<\/p>\n<p><strong>Entfernen von Links von unserer Website<\/strong><\/p>\n<p>Sofern Sie auf unserer Website einen Link feststellen, der aus beliebigem Grund beleidigend ist, kontaktieren und informieren Sie uns gern jederzeit. Wir werden Aufforderungen zum Entfernen von Links pr\u00fcfen, sind jedoch nicht zum Entfernen verpflichtet o. \u00e4. und auch nicht dazu, Ihnen unmittelbar zu antworten.<br \/>\nWir garantieren nicht die Richtigkeit der Informationen auf dieser Website, sichern nicht deren Vollst\u00e4ndigkeit und Fehlerfreiheit zu und geben auch keine Zusage hinsichtlich der weiteren Verf\u00fcgbarkeit der Website oder der Aktualit\u00e4t des darauf pr\u00e4sentierten Materials.[\/vc_column_text][\/vc_column][\/vc_row]\n","protected":false},"excerpt":{"rendered":"<p>[vc_row type=&#187;full_width_content&#187; full_screen_row_position=&#187;middle&#187; column_margin=&#187;default&#187; scene_position=&#187;center&#187; text_color=&#187;dark&#187; text_align=&#187;left&#187; overlay_strength=&#187;0.3&#8243; shape_divider_position=&#187;bottom&#187; bg_image_animation=&#187;none&#187; shape_type=&#187;&#187;][vc_column column_padding=&#187;no-extra-padding&#187; column_padding_position=&#187;all&#187; background_color_opacity=&#187;1&#8243; background_hover_color_opacity=&#187;1&#8243; column_link_target=&#187;_self&#187; column_shadow=&#187;none&#187; column_border_radius=&#187;none&#187; width=&#187;1\/1&#8243; tablet_width_inherit=&#187;default&#187; tablet_text_alignment=&#187;default&#187; phone_text_alignment=&#187;default&#187; overlay_strength=&#187;0.3&#8243; column_border_width=&#187;none&#187; column_border_style=&#187;solid&#187; bg_image_animation=&#187;none&#187;][divider line_type=&#187;Full Width Line&#187; line_thickness=&#187;1&#8243;&#8230;<\/p>\n","protected":false},"author":2,"featured_media":0,"parent":0,"menu_order":25,"comment_status":"closed","ping_status":"closed","template":"","meta":{"footnotes":""},"class_list":["post-77034","page","type-page","status-publish"],"yoast_head":"<!-- This site is optimized with the Yoast SEO Premium plugin v21.7 (Yoast SEO v24.5) - https:\/\/yoast.com\/wordpress\/plugins\/seo\/ -->\n<title>Allgemeine Gesch\u00e4ftsbedingungen - Basel Area Business &amp; Innovation<\/title>\n<meta name=\"robots\" content=\"noindex, follow, max-snippet:-1, max-image-preview:large, max-video-preview:-1\" \/>\n<meta property=\"og:locale\" content=\"de_DE\" \/>\n<meta property=\"og:type\" content=\"article\" \/>\n<meta property=\"og:title\" content=\"Allgemeine Gesch\u00e4ftsbedingungen\" \/>\n<meta property=\"og:description\" content=\"[vc_row type=&#187;full_width_content&#187; full_screen_row_position=&#187;middle&#187; column_margin=&#187;default&#187; scene_position=&#187;center&#187; text_color=&#187;dark&#187; text_align=&#187;left&#187; overlay_strength=&#187;0.3&#8243; shape_divider_position=&#187;bottom&#187; bg_image_animation=&#187;none&#187; shape_type=&#187;&#187;][vc_column column_padding=&#187;no-extra-padding&#187; column_padding_position=&#187;all&#187; background_color_opacity=&#187;1&#8243; background_hover_color_opacity=&#187;1&#8243; column_link_target=&#187;_self&#187; column_shadow=&#187;none&#187; column_border_radius=&#187;none&#187; width=&#187;1\/1&#8243; tablet_width_inherit=&#187;default&#187; tablet_text_alignment=&#187;default&#187; phone_text_alignment=&#187;default&#187; overlay_strength=&#187;0.3&#8243; column_border_width=&#187;none&#187; column_border_style=&#187;solid&#187; bg_image_animation=&#187;none&#187;][divider line_type=&#187;Full Width Line&#187; line_thickness=&#187;1&#8243;...\" \/>\n<meta property=\"og:url\" content=\"https:\/\/test.baselarea.swiss\/de\/allgemeine-geschaftsbedingungen\/\" \/>\n<meta property=\"og:site_name\" content=\"Basel Area Business &amp; Innovation\" \/>\n<meta property=\"article:modified_time\" content=\"2020-04-17T16:20:07+00:00\" \/>\n<meta property=\"og:image\" content=\"https:\/\/test.baselarea.swiss\/\/wp-content\/uploads\/2020\/06\/2560x1440-1024x576.jpg\" \/>\n\t<meta property=\"og:image:width\" content=\"1024\" \/>\n\t<meta property=\"og:image:height\" content=\"576\" \/>\n\t<meta property=\"og:image:type\" content=\"image\/jpeg\" \/>\n<meta name=\"twitter:card\" content=\"summary_large_image\" \/>\n<meta name=\"twitter:site\" content=\"@BaselArea\" \/>\n<meta name=\"twitter:label1\" content=\"Gesch\u00e4tzte Lesezeit\" \/>\n\t<meta name=\"twitter:data1\" content=\"7 Minuten\" \/>\n<script type=\"application\/ld+json\" class=\"yoast-schema-graph\">{\"@context\":\"https:\/\/schema.org\",\"@graph\":[{\"@type\":\"WebPage\",\"@id\":\"https:\/\/test.baselarea.swiss\/de\/allgemeine-geschaftsbedingungen\/\",\"url\":\"https:\/\/test.baselarea.swiss\/de\/allgemeine-geschaftsbedingungen\/\",\"name\":\"Allgemeine Gesch\u00e4ftsbedingungen - Basel Area Business &amp; Innovation\",\"isPartOf\":{\"@id\":\"https:\/\/test.baselarea.swiss\/de\/#website\"},\"datePublished\":\"2020-04-09T17:09:40+00:00\",\"dateModified\":\"2020-04-17T16:20:07+00:00\",\"breadcrumb\":{\"@id\":\"https:\/\/test.baselarea.swiss\/de\/allgemeine-geschaftsbedingungen\/#breadcrumb\"},\"inLanguage\":\"de-CH\",\"potentialAction\":[{\"@type\":\"ReadAction\",\"target\":[\"https:\/\/test.baselarea.swiss\/de\/allgemeine-geschaftsbedingungen\/\"]}]},{\"@type\":\"BreadcrumbList\",\"@id\":\"https:\/\/test.baselarea.swiss\/de\/allgemeine-geschaftsbedingungen\/#breadcrumb\",\"itemListElement\":[{\"@type\":\"ListItem\",\"position\":1,\"name\":\"Home\",\"item\":\"https:\/\/test.baselarea.swiss\/de\/\"},{\"@type\":\"ListItem\",\"position\":2,\"name\":\"Allgemeine Gesch\u00e4ftsbedingungen\"}]},{\"@type\":\"WebSite\",\"@id\":\"https:\/\/test.baselarea.swiss\/de\/#website\",\"url\":\"https:\/\/test.baselarea.swiss\/de\/\",\"name\":\"Basel Area Business &amp; Innovation\",\"description\":\"About Basel Area Business &amp; Innovation\",\"potentialAction\":[{\"@type\":\"SearchAction\",\"target\":{\"@type\":\"EntryPoint\",\"urlTemplate\":\"https:\/\/test.baselarea.swiss\/de\/?s={search_term_string}\"},\"query-input\":{\"@type\":\"PropertyValueSpecification\",\"valueRequired\":true,\"valueName\":\"search_term_string\"}}],\"inLanguage\":\"de-CH\"}]}<\/script>\n<!-- \/ Yoast SEO Premium plugin. -->","yoast_head_json":{"title":"Allgemeine Gesch\u00e4ftsbedingungen - Basel Area Business &amp; Innovation","robots":{"index":"noindex","follow":"follow","max-snippet":"max-snippet:-1","max-image-preview":"max-image-preview:large","max-video-preview":"max-video-preview:-1"},"og_locale":"de_DE","og_type":"article","og_title":"Allgemeine Gesch\u00e4ftsbedingungen","og_description":"[vc_row type=&#187;full_width_content&#187; full_screen_row_position=&#187;middle&#187; column_margin=&#187;default&#187; scene_position=&#187;center&#187; text_color=&#187;dark&#187; text_align=&#187;left&#187; overlay_strength=&#187;0.3&#8243; shape_divider_position=&#187;bottom&#187; bg_image_animation=&#187;none&#187; shape_type=&#187;&#187;][vc_column column_padding=&#187;no-extra-padding&#187; column_padding_position=&#187;all&#187; background_color_opacity=&#187;1&#8243; background_hover_color_opacity=&#187;1&#8243; column_link_target=&#187;_self&#187; column_shadow=&#187;none&#187; column_border_radius=&#187;none&#187; width=&#187;1\/1&#8243; tablet_width_inherit=&#187;default&#187; tablet_text_alignment=&#187;default&#187; phone_text_alignment=&#187;default&#187; overlay_strength=&#187;0.3&#8243; column_border_width=&#187;none&#187; column_border_style=&#187;solid&#187; bg_image_animation=&#187;none&#187;][divider line_type=&#187;Full Width Line&#187; line_thickness=&#187;1&#8243;...","og_url":"https:\/\/test.baselarea.swiss\/de\/allgemeine-geschaftsbedingungen\/","og_site_name":"Basel Area Business &amp; Innovation","article_modified_time":"2020-04-17T16:20:07+00:00","og_image":[{"width":1024,"height":576,"url":"https:\/\/test.baselarea.swiss\/\/wp-content\/uploads\/2020\/06\/2560x1440-1024x576.jpg","type":"image\/jpeg"}],"twitter_card":"summary_large_image","twitter_site":"@BaselArea","twitter_misc":{"Gesch\u00e4tzte Lesezeit":"7 Minuten"},"schema":{"@context":"https:\/\/schema.org","@graph":[{"@type":"WebPage","@id":"https:\/\/test.baselarea.swiss\/de\/allgemeine-geschaftsbedingungen\/","url":"https:\/\/test.baselarea.swiss\/de\/allgemeine-geschaftsbedingungen\/","name":"Allgemeine Gesch\u00e4ftsbedingungen - Basel Area Business &amp; Innovation","isPartOf":{"@id":"https:\/\/test.baselarea.swiss\/de\/#website"},"datePublished":"2020-04-09T17:09:40+00:00","dateModified":"2020-04-17T16:20:07+00:00","breadcrumb":{"@id":"https:\/\/test.baselarea.swiss\/de\/allgemeine-geschaftsbedingungen\/#breadcrumb"},"inLanguage":"de-CH","potentialAction":[{"@type":"ReadAction","target":["https:\/\/test.baselarea.swiss\/de\/allgemeine-geschaftsbedingungen\/"]}]},{"@type":"BreadcrumbList","@id":"https:\/\/test.baselarea.swiss\/de\/allgemeine-geschaftsbedingungen\/#breadcrumb","itemListElement":[{"@type":"ListItem","position":1,"name":"Home","item":"https:\/\/test.baselarea.swiss\/de\/"},{"@type":"ListItem","position":2,"name":"Allgemeine Gesch\u00e4ftsbedingungen"}]},{"@type":"WebSite","@id":"https:\/\/test.baselarea.swiss\/de\/#website","url":"https:\/\/test.baselarea.swiss\/de\/","name":"Basel Area Business &amp; Innovation","description":"About Basel Area Business &amp; Innovation","potentialAction":[{"@type":"SearchAction","target":{"@type":"EntryPoint","urlTemplate":"https:\/\/test.baselarea.swiss\/de\/?s={search_term_string}"},"query-input":{"@type":"PropertyValueSpecification","valueRequired":true,"valueName":"search_term_string"}}],"inLanguage":"de-CH"}]}},"_links":{"self":[{"href":"https:\/\/test.baselarea.swiss\/de\/wp-json\/wp\/v2\/pages\/77034","targetHints":{"allow":["GET"]}}],"collection":[{"href":"https:\/\/test.baselarea.swiss\/de\/wp-json\/wp\/v2\/pages"}],"about":[{"href":"https:\/\/test.baselarea.swiss\/de\/wp-json\/wp\/v2\/types\/page"}],"author":[{"embeddable":true,"href":"https:\/\/test.baselarea.swiss\/de\/wp-json\/wp\/v2\/users\/2"}],"replies":[{"embeddable":true,"href":"https:\/\/test.baselarea.swiss\/de\/wp-json\/wp\/v2\/comments?post=77034"}],"version-history":[{"count":3,"href":"https:\/\/test.baselarea.swiss\/de\/wp-json\/wp\/v2\/pages\/77034\/revisions"}],"predecessor-version":[{"id":78892,"href":"https:\/\/test.baselarea.swiss\/de\/wp-json\/wp\/v2\/pages\/77034\/revisions\/78892"}],"wp:attachment":[{"href":"https:\/\/test.baselarea.swiss\/de\/wp-json\/wp\/v2\/media?parent=77034"}],"curies":[{"name":"wp","href":"https:\/\/api.w.org\/{rel}","templated":true}]}}