{"id":1774,"date":"2020-02-18T12:17:42","date_gmt":"2020-02-18T12:17:42","guid":{"rendered":"http:\/\/baselarea.sukoa.link\/?page_id=1774"},"modified":"2023-03-21T16:00:08","modified_gmt":"2023-03-21T15:00:08","slug":"services","status":"publish","type":"page","link":"https:\/\/test.baselarea.swiss\/de\/services\/","title":{"rendered":"Services"},"content":{"rendered":"[vc_row type=&#187;full_width_background&#187; full_screen_row_position=&#187;middle&#187; column_margin=&#187;default&#187; equal_height=&#187;yes&#187; content_placement=&#187;middle&#187; column_direction=&#187;default&#187; column_direction_tablet=&#187;default&#187; column_direction_phone=&#187;default&#187; bg_image=&#187;2629&#8243; bg_position=&#187;center center&#187; background_image_loading=&#187;default&#187; bg_repeat=&#187;no-repeat&#187; scene_position=&#187;center&#187; text_color=&#187;dark&#187; text_align=&#187;left&#187; row_border_radius=&#187;none&#187; row_border_radius_applies=&#187;bg&#187; overflow=&#187;visible&#187; class=&#187;heroimage&#187; overlay_strength=&#187;0.3&#8243; gradient_direction=&#187;left_to_right&#187; shape_divider_position=&#187;bottom&#187; bg_image_animation=&#187;none&#187; shape_type=&#187;&#187;][vc_column column_padding=&#187;no-extra-padding&#187; column_padding_tablet=&#187;inherit&#187; column_padding_phone=&#187;inherit&#187; column_padding_position=&#187;all&#187; column_element_spacing=&#187;default&#187; background_color_opacity=&#187;0.4&#8243; background_hover_color_opacity=&#187;0.8&#8243; column_shadow=&#187;none&#187; column_border_radius=&#187;none&#187; column_link_target=&#187;_self&#187; column_position=&#187;default&#187; gradient_direction=&#187;left_to_right&#187; overlay_strength=&#187;0.3&#8243; width=&#187;1\/1&#8243; tablet_width_inherit=&#187;default&#187; tablet_text_alignment=&#187;default&#187; phone_text_alignment=&#187;default&#187; animation_type=&#187;default&#187; bg_image_animation=&#187;none&#187; border_type=&#187;simple&#187; column_border_width=&#187;none&#187; column_border_style=&#187;solid&#187;][vc_row_inner content_placement=&#187;middle&#187; column_margin=&#187;default&#187; column_direction=&#187;default&#187; column_direction_tablet=&#187;default&#187; column_direction_phone=&#187;default&#187; text_align=&#187;center&#187; row_position=&#187;default&#187; row_position_tablet=&#187;inherit&#187; row_position_phone=&#187;inherit&#187; class=&#187;hero-content&#187; overflow=&#187;visible&#187; pointer_events=&#187;all&#187; el_id=&#187;hero-content-box&#187;][vc_column_inner column_padding=&#187;no-extra-padding&#187; column_padding_tablet=&#187;inherit&#187; column_padding_phone=&#187;inherit&#187; column_padding_position=&#187;all&#187; column_element_spacing=&#187;default&#187; background_color_opacity=&#187;1&#8243; background_hover_color_opacity=&#187;1&#8243; column_shadow=&#187;none&#187; column_border_radius=&#187;none&#187; column_link_target=&#187;_self&#187; gradient_direction=&#187;left_to_right&#187; overlay_strength=&#187;0.3&#8243; width=&#187;1\/6&#8243; tablet_width_inherit=&#187;default&#187; animation_type=&#187;default&#187; bg_image_animation=&#187;none&#187; border_type=&#187;simple&#187; column_border_width=&#187;none&#187; column_border_style=&#187;solid&#187;][\/vc_column_inner][vc_column_inner column_padding=&#187;padding-4-percent&#187; column_padding_tablet=&#187;inherit&#187; column_padding_phone=&#187;inherit&#187; column_padding_position=&#187;all&#187; column_element_spacing=&#187;default&#187; background_color=&#187;#000000&#8243; background_color_opacity=&#187;0.7&#8243; background_hover_color_opacity=&#187;1&#8243; column_shadow=&#187;none&#187; column_border_radius=&#187;none&#187; column_link_target=&#187;_self&#187; gradient_direction=&#187;left_to_right&#187; overlay_strength=&#187;0.3&#8243; width=&#187;2\/3&#8243; tablet_width_inherit=&#187;default&#187; animation_type=&#187;default&#187; bg_image_animation=&#187;none&#187; border_type=&#187;simple&#187; column_border_width=&#187;none&#187; column_border_style=&#187;solid&#187;][vc_column_text]\n<h1 style=\"text-align: center;\"><span style=\"color: #ffffff;\">Unsere Dienstleistungen<\/span><\/h1>\n[\/vc_column_text][\/vc_column_inner][vc_column_inner column_padding=&#187;no-extra-padding&#187; column_padding_tablet=&#187;inherit&#187; column_padding_phone=&#187;inherit&#187; column_padding_position=&#187;all&#187; column_element_spacing=&#187;default&#187; background_color_opacity=&#187;1&#8243; background_hover_color_opacity=&#187;1&#8243; column_shadow=&#187;none&#187; column_border_radius=&#187;none&#187; column_link_target=&#187;_self&#187; gradient_direction=&#187;left_to_right&#187; overlay_strength=&#187;0.3&#8243; width=&#187;1\/6&#8243; tablet_width_inherit=&#187;default&#187; animation_type=&#187;default&#187; bg_image_animation=&#187;none&#187; border_type=&#187;simple&#187; column_border_width=&#187;none&#187; column_border_style=&#187;solid&#187;][\/vc_column_inner][\/vc_row_inner][\/vc_column][\/vc_row][vc_row type=&#187;in_container&#187; full_screen_row_position=&#187;middle&#187; column_margin=&#187;default&#187; column_direction=&#187;default&#187; column_direction_tablet=&#187;default&#187; column_direction_phone=&#187;default&#187; scene_position=&#187;center&#187; top_padding=&#187;5%&#187; bottom_padding=&#187;5%&#187; text_color=&#187;dark&#187; text_align=&#187;left&#187; row_border_radius=&#187;none&#187; row_border_radius_applies=&#187;bg&#187; overflow=&#187;visible&#187; overlay_strength=&#187;0.3&#8243; gradient_direction=&#187;left_to_right&#187; shape_divider_position=&#187;bottom&#187; bg_image_animation=&#187;none&#187; shape_type=&#187;&#187;][vc_column column_padding=&#187;no-extra-padding&#187; column_padding_tablet=&#187;inherit&#187; column_padding_phone=&#187;inherit&#187; column_padding_position=&#187;all&#187; column_element_spacing=&#187;default&#187; centered_text=&#187;true&#187; background_color_opacity=&#187;1&#8243; background_hover_color_opacity=&#187;1&#8243; column_shadow=&#187;none&#187; column_border_radius=&#187;none&#187; column_link_target=&#187;_self&#187; column_position=&#187;default&#187; gradient_direction=&#187;left_to_right&#187; overlay_strength=&#187;0.3&#8243; width=&#187;1\/1&#8243; tablet_width_inherit=&#187;default&#187; tablet_text_alignment=&#187;default&#187; phone_text_alignment=&#187;default&#187; animation_type=&#187;default&#187; bg_image_animation=&#187;none&#187; border_type=&#187;simple&#187; column_border_width=&#187;none&#187; column_border_style=&#187;solid&#187;][vc_row_inner column_margin=&#187;default&#187; column_direction=&#187;default&#187; column_direction_tablet=&#187;default&#187; column_direction_phone=&#187;default&#187; bottom_padding=&#187;5%&#187; text_align=&#187;left&#187; row_position=&#187;default&#187; row_position_tablet=&#187;inherit&#187; row_position_phone=&#187;inherit&#187; overflow=&#187;visible&#187; pointer_events=&#187;all&#187;][vc_column_inner column_padding=&#187;no-extra-padding&#187; column_padding_tablet=&#187;inherit&#187; column_padding_phone=&#187;inherit&#187; column_padding_position=&#187;all&#187; column_element_spacing=&#187;default&#187; background_color_opacity=&#187;1&#8243; background_hover_color_opacity=&#187;1&#8243; column_shadow=&#187;none&#187; column_border_radius=&#187;none&#187; column_link_target=&#187;_self&#187; gradient_direction=&#187;left_to_right&#187; overlay_strength=&#187;0.3&#8243; width=&#187;1\/6&#8243; tablet_width_inherit=&#187;default&#187; animation_type=&#187;default&#187; bg_image_animation=&#187;none&#187; border_type=&#187;simple&#187; column_border_width=&#187;none&#187; column_border_style=&#187;solid&#187;][\/vc_column_inner][vc_column_inner column_padding=&#187;no-extra-padding&#187; column_padding_tablet=&#187;inherit&#187; column_padding_phone=&#187;inherit&#187; column_padding_position=&#187;all&#187; column_element_spacing=&#187;default&#187; background_color_opacity=&#187;1&#8243; background_hover_color_opacity=&#187;1&#8243; column_shadow=&#187;none&#187; column_border_radius=&#187;none&#187; column_link_target=&#187;_self&#187; gradient_direction=&#187;left_to_right&#187; overlay_strength=&#187;0.3&#8243; width=&#187;2\/3&#8243; tablet_width_inherit=&#187;default&#187; animation_type=&#187;default&#187; bg_image_animation=&#187;none&#187; border_type=&#187;simple&#187; column_border_width=&#187;none&#187; column_border_style=&#187;solid&#187;][vc_column_text]\n<h5 style=\"text-align: center;\">Basel Area Business &amp; Innovation ist die zentrale Anlaufstelle f\u00fcr Startups, Institutionen\u00a0und Unternehmen, die in der Basel Area erfolgreich sein m\u00f6chten. Wir\u00a0bieten Beratungen und Ressourcen, um die Unternehmen bei der Immobiliensuche, dem Standortwechsel, der Lizenzierung und Registrierung zu unterst\u00fctzen. Dar\u00fcber hinaus bringen wir Sie in Kontakt mit Steuerberatern, Investoren und Stellenvermittlern und mit Partnern aus den Bereichen Innovation und Forschung. Ausserdem unterst\u00fctzen wir innovative Unternehmen mit Accelerator-Programmen, Netzwerkveranstaltungen und mit kollaborativen Arbeitsr\u00e4umen, die Innovationen f\u00f6rdern.<br \/>\nZu unserem Netzwerk geh\u00f6ren Branchenexperten, F\u00fchrungspers\u00f6nlichkeiten, Hochschulen, Innovatoren und Unternehmer sowie unser Team von \u00fcber 50+ Mitarbeitern in Basel, Vertreter in China, Korea, den USA, Indien und Deutschland. Hinzu kommt unser Verwaltungsrat mit f\u00fchrenden Vertretern aus Industrie und Verwaltung.<\/h5>\n[\/vc_column_text][\/vc_column_inner][vc_column_inner column_padding=&#187;no-extra-padding&#187; column_padding_tablet=&#187;inherit&#187; column_padding_phone=&#187;inherit&#187; column_padding_position=&#187;all&#187; column_element_spacing=&#187;default&#187; background_color_opacity=&#187;1&#8243; background_hover_color_opacity=&#187;1&#8243; column_shadow=&#187;none&#187; column_border_radius=&#187;none&#187; column_link_target=&#187;_self&#187; gradient_direction=&#187;left_to_right&#187; overlay_strength=&#187;0.3&#8243; width=&#187;1\/6&#8243; tablet_width_inherit=&#187;default&#187; animation_type=&#187;default&#187; bg_image_animation=&#187;none&#187; border_type=&#187;simple&#187; column_border_width=&#187;none&#187; column_border_style=&#187;solid&#187;][\/vc_column_inner][\/vc_row_inner][vc_row_inner equal_height=&#187;yes&#187; content_placement=&#187;bottom&#187; column_margin=&#187;default&#187; column_direction=&#187;default&#187; column_direction_tablet=&#187;default&#187; column_direction_phone=&#187;default&#187; bottom_padding=&#187;30&#8243; text_align=&#187;left&#187; row_position=&#187;default&#187; row_position_tablet=&#187;inherit&#187; row_position_phone=&#187;inherit&#187; overflow=&#187;visible&#187; pointer_events=&#187;all&#187;][vc_column_inner column_padding=&#187;padding-3-percent&#187; column_padding_tablet=&#187;inherit&#187; column_padding_phone=&#187;inherit&#187; column_padding_position=&#187;all&#187; column_element_spacing=&#187;default&#187; background_color=&#187;#000000&#8243; background_color_opacity=&#187;0.4&#8243; background_color_hover=&#187;#ae1022&#8243; background_hover_color_opacity=&#187;0.8&#8243; background_image=&#187;2807&#8243; background_image_position=&#187;center center&#187; enable_bg_scale=&#187;true&#187; background_image_loading=&#187;default&#187; font_color=&#187;#ffffff&#187; column_shadow=&#187;none&#187; column_border_radius=&#187;none&#187; column_link_target=&#187;_self&#187; el_class=&#187;organization-link-boxes&#187; gradient_direction=&#187;left_to_right&#187; overlay_strength=&#187;0.3&#8243; width=&#187;1\/3&#8243; tablet_width_inherit=&#187;default&#187; animation_type=&#187;default&#187; bg_image_animation=&#187;none&#187; border_type=&#187;simple&#187; column_border_width=&#187;none&#187; column_border_style=&#187;solid&#187; column_link=&#187;\/de\/services\/invest-in-basel\/&#187;][vc_column_text el_class=&#187;overlay-h2-text&#187;]\n<h2 style=\"text-align: left;\"><span style=\"color: #ffffff;\">In der Basel Area investieren<\/span><\/h2>\n[\/vc_column_text][\/vc_column_inner][vc_column_inner column_padding=&#187;padding-3-percent&#187; column_padding_tablet=&#187;inherit&#187; column_padding_phone=&#187;inherit&#187; column_padding_position=&#187;all&#187; column_element_spacing=&#187;default&#187; background_color=&#187;#000000&#8243; background_color_opacity=&#187;0.4&#8243; background_color_hover=&#187;#ae1022&#8243; background_hover_color_opacity=&#187;0.8&#8243; background_image=&#187;79986&#8243; background_image_position=&#187;center center&#187; enable_bg_scale=&#187;true&#187; background_image_loading=&#187;default&#187; font_color=&#187;#ffffff&#187; column_shadow=&#187;none&#187; column_border_radius=&#187;none&#187; column_link_target=&#187;_self&#187; el_class=&#187;organization-link-boxes&#187; gradient_direction=&#187;left_to_right&#187; overlay_strength=&#187;0.3&#8243; width=&#187;1\/3&#8243; tablet_width_inherit=&#187;default&#187; animation_type=&#187;default&#187; bg_image_animation=&#187;none&#187; border_type=&#187;simple&#187; column_border_width=&#187;none&#187; column_border_style=&#187;solid&#187; column_link=&#187;\/de\/services\/innovate-in-basel\/&#187;][vc_column_text el_class=&#187;overlay-h2-text&#187;]\n<h2 style=\"text-align: left;\"><span style=\"color: #ffffff;\">Innovieren und Beschleunigen<\/span><\/h2>\n[\/vc_column_text][\/vc_column_inner][vc_column_inner column_padding=&#187;padding-3-percent&#187; column_padding_tablet=&#187;inherit&#187; column_padding_phone=&#187;inherit&#187; column_padding_position=&#187;all&#187; column_element_spacing=&#187;default&#187; background_color=&#187;#000000&#8243; background_color_opacity=&#187;0.4&#8243; background_color_hover=&#187;#ae1022&#8243; background_hover_color_opacity=&#187;0.8&#8243; background_image=&#187;148286&#8243; background_image_position=&#187;center center&#187; enable_bg_scale=&#187;true&#187; background_image_loading=&#187;default&#187; font_color=&#187;#ffffff&#187; column_shadow=&#187;none&#187; column_border_radius=&#187;none&#187; column_link_target=&#187;_self&#187; el_class=&#187;organization-link-boxes&#187; advanced_gradient_angle=&#187;0&#8243; gradient_direction=&#187;left_to_right&#187; overlay_strength=&#187;0.3&#8243; width=&#187;1\/3&#8243; tablet_width_inherit=&#187;default&#187; animation_type=&#187;default&#187; bg_image_animation=&#187;none&#187; border_type=&#187;simple&#187; column_border_width=&#187;none&#187; column_border_style=&#187;solid&#187; column_link=&#187;\/de\/services\/working-spaces\/&#187; gradient_type=&#187;default&#187;][vc_column_text el_class=&#187;overlay-h2-text&#187;]\n<h2 style=\"text-align: left;\"><span style=\"color: #ffffff;\">Switzerland Innovation Park<\/span><\/h2>\n[\/vc_column_text][\/vc_column_inner][\/vc_row_inner][\/vc_column][\/vc_row][vc_row type=&#187;in_container&#187; full_screen_row_position=&#187;middle&#187; column_margin=&#187;default&#187; column_direction=&#187;default&#187; column_direction_tablet=&#187;default&#187; column_direction_phone=&#187;default&#187; scene_position=&#187;center&#187; text_color=&#187;dark&#187; text_align=&#187;left&#187; row_border_radius=&#187;none&#187; row_border_radius_applies=&#187;bg&#187; overflow=&#187;visible&#187; overlay_strength=&#187;0.3&#8243; gradient_direction=&#187;left_to_right&#187; shape_divider_position=&#187;bottom&#187; bg_image_animation=&#187;none&#187;][vc_column column_padding=&#187;no-extra-padding&#187; column_padding_tablet=&#187;inherit&#187; column_padding_phone=&#187;inherit&#187; column_padding_position=&#187;all&#187; column_element_spacing=&#187;default&#187; background_color_opacity=&#187;1&#8243; background_hover_color_opacity=&#187;1&#8243; column_shadow=&#187;none&#187; column_border_radius=&#187;none&#187; column_link_target=&#187;_self&#187; column_position=&#187;default&#187; gradient_direction=&#187;left_to_right&#187; overlay_strength=&#187;0.3&#8243; width=&#187;1\/1&#8243; tablet_width_inherit=&#187;default&#187; tablet_text_alignment=&#187;default&#187; phone_text_alignment=&#187;default&#187; animation_type=&#187;default&#187; bg_image_animation=&#187;none&#187; border_type=&#187;simple&#187; column_border_width=&#187;none&#187; column_border_style=&#187;solid&#187;][\/vc_column][\/vc_row][vc_row type=&#187;full_width_background&#187; full_screen_row_position=&#187;middle&#187; column_margin=&#187;default&#187; equal_height=&#187;yes&#187; content_placement=&#187;middle&#187; column_direction=&#187;default&#187; column_direction_tablet=&#187;default&#187; column_direction_phone=&#187;default&#187; bg_color=&#187;#ae1022&#8243; scene_position=&#187;center&#187; top_padding=&#187;30&#8243; bottom_padding=&#187;30&#8243; text_color=&#187;dark&#187; text_align=&#187;left&#187; row_border_radius=&#187;none&#187; row_border_radius_applies=&#187;bg&#187; overflow=&#187;visible&#187; overlay_strength=&#187;0.3&#8243; gradient_direction=&#187;left_to_right&#187; shape_divider_position=&#187;bottom&#187; bg_image_animation=&#187;none&#187; shape_type=&#187;&#187;][vc_column column_padding=&#187;no-extra-padding&#187; column_padding_tablet=&#187;inherit&#187; column_padding_phone=&#187;inherit&#187; column_padding_position=&#187;all&#187; column_element_spacing=&#187;default&#187; background_color_opacity=&#187;1&#8243; background_hover_color_opacity=&#187;1&#8243; column_shadow=&#187;none&#187; column_border_radius=&#187;none&#187; column_link_target=&#187;_self&#187; column_position=&#187;default&#187; gradient_direction=&#187;left_to_right&#187; overlay_strength=&#187;0.3&#8243; width=&#187;3\/4&#8243; tablet_width_inherit=&#187;default&#187; tablet_text_alignment=&#187;default&#187; phone_text_alignment=&#187;default&#187; animation_type=&#187;default&#187; bg_image_animation=&#187;none&#187; border_type=&#187;simple&#187; column_border_width=&#187;none&#187; column_border_style=&#187;solid&#187;][vc_column_text]\n<h2><span style=\"color: #ffffff;\">Haben Sie eine Frage? Wir freuen uns, von Ihnen zu h\u00f6ren.<\/span><\/h2>\n[\/vc_column_text][vc_column_text]\n<div class=\"un-bold\">\n<h3><span style=\"color: #ffffff;\"><i class=\"icon-default-style fa fa-envelope extra-color-2\"><\/i>\u00a0 <a style=\"color: #ffffff;\" href=\"mailto:info@baselarea.swiss\">info@baselarea.swiss<\/a>\u00a0<i class=\"icon-default-style fa fa-phone extra-color-2\"><\/i> <a style=\"color: #ffffff;\" href=\"tel:+41 61 295 50 00\">+41 61 295 50 00<\/a><\/span><\/h3>\n<\/div>\n[\/vc_column_text][\/vc_column][vc_column column_padding=&#187;no-extra-padding&#187; column_padding_tablet=&#187;inherit&#187; column_padding_phone=&#187;inherit&#187; column_padding_position=&#187;all&#187; column_element_spacing=&#187;default&#187; background_color_opacity=&#187;1&#8243; background_hover_color_opacity=&#187;1&#8243; column_shadow=&#187;none&#187; column_border_radius=&#187;none&#187; column_link_target=&#187;_self&#187; column_position=&#187;default&#187; gradient_direction=&#187;left_to_right&#187; overlay_strength=&#187;0.3&#8243; width=&#187;1\/4&#8243; tablet_width_inherit=&#187;default&#187; tablet_text_alignment=&#187;default&#187; phone_text_alignment=&#187;default&#187; animation_type=&#187;default&#187; bg_image_animation=&#187;none&#187; border_type=&#187;simple&#187; column_border_width=&#187;none&#187; column_border_style=&#187;solid&#187;][nectar_btn size=&#187;jumbo&#187; button_style=&#187;regular&#187; button_color_2=&#187;Extra-Color-2&#8243; solid_text_color_override=&#187;#ae1022&#8243; icon_family=&#187;none&#187; text=&#187;Kontakt&#187; url=&#187;\/contact-us&#187;][\/vc_column][\/vc_row]\n","protected":false},"excerpt":{"rendered":"Unsere Dienstleistungen Basel Area Business &amp; Innovation ist die zentrale Anlaufstelle f\u00fcr Startups, Institutionen\u00a0und Unternehmen, die in der Basel Area erfolgreich sein m\u00f6chten. Wir\u00a0bieten Beratungen und Ressourcen, um die Unternehmen...","protected":false},"author":1,"featured_media":0,"parent":0,"menu_order":10,"comment_status":"closed","ping_status":"closed","template":"","meta":{"footnotes":""},"class_list":["post-1774","page","type-page","status-publish"],"yoast_head":"<!-- This site is optimized with the Yoast SEO Premium plugin v21.7 (Yoast SEO v24.5) - https:\/\/yoast.com\/wordpress\/plugins\/seo\/ -->\n<title>Services - Basel Area Business &amp; Innovation<\/title>\n<meta name=\"robots\" content=\"noindex, follow, max-snippet:-1, max-image-preview:large, max-video-preview:-1\" \/>\n<meta property=\"og:locale\" content=\"de_DE\" \/>\n<meta property=\"og:type\" content=\"article\" \/>\n<meta property=\"og:title\" content=\"Services\" \/>\n<meta property=\"og:url\" content=\"https:\/\/test.baselarea.swiss\/de\/services\/\" \/>\n<meta property=\"og:site_name\" content=\"Basel Area Business &amp; Innovation\" \/>\n<meta property=\"article:modified_time\" content=\"2023-03-21T15:00:08+00:00\" \/>\n<meta property=\"og:image\" content=\"https:\/\/test.baselarea.swiss\/\/wp-content\/uploads\/2020\/06\/2560x1440-1024x576.jpg\" \/>\n\t<meta property=\"og:image:width\" content=\"1024\" \/>\n\t<meta property=\"og:image:height\" content=\"576\" \/>\n\t<meta property=\"og:image:type\" content=\"image\/jpeg\" \/>\n<meta name=\"twitter:card\" content=\"summary_large_image\" \/>\n<meta name=\"twitter:site\" content=\"@BaselArea\" \/>\n<meta name=\"twitter:label1\" content=\"Gesch\u00e4tzte Lesezeit\" \/>\n\t<meta name=\"twitter:data1\" content=\"3 Minuten\" \/>\n<script type=\"application\/ld+json\" class=\"yoast-schema-graph\">{\"@context\":\"https:\/\/schema.org\",\"@graph\":[{\"@type\":\"WebPage\",\"@id\":\"https:\/\/test.baselarea.swiss\/de\/services\/\",\"url\":\"https:\/\/test.baselarea.swiss\/de\/services\/\",\"name\":\"Services - Basel Area Business &amp; Innovation\",\"isPartOf\":{\"@id\":\"https:\/\/test.baselarea.swiss\/de\/#website\"},\"datePublished\":\"2020-02-18T12:17:42+00:00\",\"dateModified\":\"2023-03-21T15:00:08+00:00\",\"breadcrumb\":{\"@id\":\"https:\/\/test.baselarea.swiss\/de\/services\/#breadcrumb\"},\"inLanguage\":\"de-CH\",\"potentialAction\":[{\"@type\":\"ReadAction\",\"target\":[\"https:\/\/test.baselarea.swiss\/de\/services\/\"]}]},{\"@type\":\"BreadcrumbList\",\"@id\":\"https:\/\/test.baselarea.swiss\/de\/services\/#breadcrumb\",\"itemListElement\":[{\"@type\":\"ListItem\",\"position\":1,\"name\":\"Home\",\"item\":\"https:\/\/test.baselarea.swiss\/de\/\"},{\"@type\":\"ListItem\",\"position\":2,\"name\":\"Services\"}]},{\"@type\":\"WebSite\",\"@id\":\"https:\/\/test.baselarea.swiss\/de\/#website\",\"url\":\"https:\/\/test.baselarea.swiss\/de\/\",\"name\":\"Basel Area Business &amp; Innovation\",\"description\":\"About Basel Area Business &amp; Innovation\",\"potentialAction\":[{\"@type\":\"SearchAction\",\"target\":{\"@type\":\"EntryPoint\",\"urlTemplate\":\"https:\/\/test.baselarea.swiss\/de\/?s={search_term_string}\"},\"query-input\":{\"@type\":\"PropertyValueSpecification\",\"valueRequired\":true,\"valueName\":\"search_term_string\"}}],\"inLanguage\":\"de-CH\"}]}<\/script>\n<!-- \/ Yoast SEO Premium plugin. -->","yoast_head_json":{"title":"Services - Basel Area Business &amp; Innovation","robots":{"index":"noindex","follow":"follow","max-snippet":"max-snippet:-1","max-image-preview":"max-image-preview:large","max-video-preview":"max-video-preview:-1"},"og_locale":"de_DE","og_type":"article","og_title":"Services","og_url":"https:\/\/test.baselarea.swiss\/de\/services\/","og_site_name":"Basel Area Business &amp; Innovation","article_modified_time":"2023-03-21T15:00:08+00:00","og_image":[{"width":1024,"height":576,"url":"https:\/\/test.baselarea.swiss\/\/wp-content\/uploads\/2020\/06\/2560x1440-1024x576.jpg","type":"image\/jpeg"}],"twitter_card":"summary_large_image","twitter_site":"@BaselArea","twitter_misc":{"Gesch\u00e4tzte Lesezeit":"3 Minuten"},"schema":{"@context":"https:\/\/schema.org","@graph":[{"@type":"WebPage","@id":"https:\/\/test.baselarea.swiss\/de\/services\/","url":"https:\/\/test.baselarea.swiss\/de\/services\/","name":"Services - Basel Area Business &amp; Innovation","isPartOf":{"@id":"https:\/\/test.baselarea.swiss\/de\/#website"},"datePublished":"2020-02-18T12:17:42+00:00","dateModified":"2023-03-21T15:00:08+00:00","breadcrumb":{"@id":"https:\/\/test.baselarea.swiss\/de\/services\/#breadcrumb"},"inLanguage":"de-CH","potentialAction":[{"@type":"ReadAction","target":["https:\/\/test.baselarea.swiss\/de\/services\/"]}]},{"@type":"BreadcrumbList","@id":"https:\/\/test.baselarea.swiss\/de\/services\/#breadcrumb","itemListElement":[{"@type":"ListItem","position":1,"name":"Home","item":"https:\/\/test.baselarea.swiss\/de\/"},{"@type":"ListItem","position":2,"name":"Services"}]},{"@type":"WebSite","@id":"https:\/\/test.baselarea.swiss\/de\/#website","url":"https:\/\/test.baselarea.swiss\/de\/","name":"Basel Area Business &amp; Innovation","description":"About Basel Area Business &amp; Innovation","potentialAction":[{"@type":"SearchAction","target":{"@type":"EntryPoint","urlTemplate":"https:\/\/test.baselarea.swiss\/de\/?s={search_term_string}"},"query-input":{"@type":"PropertyValueSpecification","valueRequired":true,"valueName":"search_term_string"}}],"inLanguage":"de-CH"}]}},"_links":{"self":[{"href":"https:\/\/test.baselarea.swiss\/de\/wp-json\/wp\/v2\/pages\/1774","targetHints":{"allow":["GET"]}}],"collection":[{"href":"https:\/\/test.baselarea.swiss\/de\/wp-json\/wp\/v2\/pages"}],"about":[{"href":"https:\/\/test.baselarea.swiss\/de\/wp-json\/wp\/v2\/types\/page"}],"author":[{"embeddable":true,"href":"https:\/\/test.baselarea.swiss\/de\/wp-json\/wp\/v2\/users\/1"}],"replies":[{"embeddable":true,"href":"https:\/\/test.baselarea.swiss\/de\/wp-json\/wp\/v2\/comments?post=1774"}],"version-history":[{"count":17,"href":"https:\/\/test.baselarea.swiss\/de\/wp-json\/wp\/v2\/pages\/1774\/revisions"}],"predecessor-version":[{"id":148292,"href":"https:\/\/test.baselarea.swiss\/de\/wp-json\/wp\/v2\/pages\/1774\/revisions\/148292"}],"wp:attachment":[{"href":"https:\/\/test.baselarea.swiss\/de\/wp-json\/wp\/v2\/media?parent=1774"}],"curies":[{"name":"wp","href":"https:\/\/api.w.org\/{rel}","templated":true}]}}